{"id":129,"date":"2021-07-21T13:26:43","date_gmt":"2021-07-21T11:26:43","guid":{"rendered":"http:\/\/willyobringer.fr\/ClientDemos\/CellenzaTraining-prp\/?page_id=129"},"modified":"2021-08-23T17:02:04","modified_gmt":"2021-08-23T15:02:04","slug":"erreur-404","status":"publish","type":"page","link":"http:\/\/willyobringer.fr\/ClientDemos\/CellenzaTraining-prp\/erreur-404\/","title":{"rendered":"Vous semblez perdu !"},"content":{"rendered":"\n<figure class=\"wp-block-image size-full\"><img decoding=\"async\" src=\"http:\/\/willyobringer.fr\/ClientDemos\/CellenzaTraining-prp\/wp-content\/uploads\/2021\/07\/404.svg\" alt=\"\" class=\"wp-image-114\"\/><\/figure>\n\n\n\n<p>La page que vous recherchez n&rsquo;est plus disponible. Nous vous invitons \u00e0 retourner sur <a href=\"http:\/\/accueil\"><span class=\"has-inline-color has-gradient-2-color\">la page d&rsquo;accueil<\/span><\/a> ou <a href=\"http:\/\/willyobringer.fr\/ClientDemos\/CellenzaTraining-prp\/contact\/\"><span class=\"has-inline-color has-gradient-2-color\">contacter l&rsquo;\u00e9quipe de Cellenza Training<\/span><\/a> en cas de questions sp\u00e9cifiques.<\/p>\n\n\n\n<div class=\"wp-block-group is-layout-flow wp-block-group-is-layout-flow\"><div class=\"wp-block-group__inner-container\">\n<div class=\"wp-block-buttons is-content-justification-center is-layout-flex wp-block-buttons-is-layout-flex\">\n<div class=\"wp-block-button\"><a class=\"wp-block-button__link\" href=\"http:\/\/willyobringer.fr\/ClientDemos\/CellenzaTraining-prp\/\">me rediriger vers l&rsquo;accueil<\/a><\/div>\n\n\n\n<div class=\"wp-block-button is-style-outline\"><a class=\"wp-block-button__link has-gradient-2-color has-gradient-1-background-color has-text-color has-background\" href=\"http:\/\/willyobringer.fr\/ClientDemos\/CellenzaTraining-prp\/contact\/\" style=\"border-radius:0px\">contacter l&rsquo;\u00e9quipe cellenza training<\/a><\/div>\n<\/div>\n\n\n\n<div class=\"wp-block-group is-layout-flow wp-block-group-is-layout-flow\"><div class=\"wp-block-group__inner-container\">\n<hr class=\"wp-block-separator\"\/>\n\n\n\n<div class=\"wp-block-columns is-layout-flex wp-container-5 wp-block-columns-is-layout-flex\">\n<div class=\"wp-block-column is-layout-flow wp-block-column-is-layout-flow\">\n<p class=\"has-text-align-center has-normal-font-size\">> <span class=\"has-inline-color has-gradient-2-color\" style=\"\"><a style=\"font-weight: bold;\" href=\"http:\/\/willyobringer.fr\/ClientDemos\/CellenzaTraining-prp\/nous-connaitre\/\"><span style=\"text-decoration: underline;\">Nous conna\u00eetre<\/span><\/a><\/span><\/p>\n<\/div>\n\n\n\n<div class=\"wp-block-column is-layout-flow wp-block-column-is-layout-flow\">\n<p class=\"has-text-align-center has-normal-font-size\"> > <strong><span class=\"has-inline-color has-gradient-2-color\"><a href=\"http:\/\/willyobringer.fr\/ClientDemos\/CellenzaTraining-prp\/formations\/\">Toutes nos formations<\/a><\/span><\/strong><\/p>\n<\/div>\n\n\n\n<div class=\"wp-block-column is-layout-flow wp-block-column-is-layout-flow\">\n<p class=\"has-text-align-center has-normal-font-size\"> > <strong><span class=\"has-inline-color has-gradient-2-color\"><a href=\"http:\/\/willyobringer.fr\/ClientDemos\/CellenzaTraining-prp\/financement\/\">Les financements de nos formations<\/a><\/span><\/strong><\/p>\n<\/div>\n<\/div>\n<\/div><\/div>\n<\/div><\/div>\n","protected":false},"excerpt":{"rendered":"<p>La page que vous recherchez n&rsquo;est plus disponible. Nous vous invitons \u00e0 retourner sur la page d&rsquo;accueil ou contacter l&rsquo;\u00e9quipe de Cellenza Training en cas de questions sp\u00e9cifiques. > Nous conna\u00eetre > Toutes nos formations > Les financements de nos formations<\/p>\n","protected":false},"author":201037247,"featured_media":0,"parent":0,"menu_order":10,"comment_status":"closed","ping_status":"closed","template":"","meta":[],"yoast_head":"<!-- This site is optimized with the Yoast SEO plugin v20.8 - https:\/\/yoast.com\/wordpress\/plugins\/seo\/ -->\n<title>Vous semblez perdu ! - Cellenza Training<\/title>\n<meta name=\"robots\" content=\"noindex, follow\" \/>\n<meta property=\"og:locale\" content=\"fr_FR\" \/>\n<meta property=\"og:type\" content=\"article\" \/>\n<meta property=\"og:title\" content=\"Vous semblez perdu ! - Cellenza Training\" \/>\n<meta property=\"og:description\" content=\"La page que vous recherchez n&rsquo;est plus disponible. Nous vous invitons \u00e0 retourner sur la page d&rsquo;accueil ou contacter l&rsquo;\u00e9quipe de Cellenza Training en cas de questions sp\u00e9cifiques. &gt; Nous conna\u00eetre &gt; Toutes nos formations &gt; Les financements de nos formations\" \/>\n<meta property=\"og:url\" content=\"http:\/\/willyobringer.fr\/ClientDemos\/CellenzaTraining-prp\/erreur-404\/\" \/>\n<meta property=\"og:site_name\" content=\"Cellenza Training\" \/>\n<meta property=\"article:modified_time\" content=\"2021-08-23T15:02:04+00:00\" \/>\n<meta property=\"og:image\" content=\"http:\/\/willyobringer.fr\/ClientDemos\/CellenzaTraining-prp\/wp-content\/uploads\/2021\/07\/404.svg\" \/>\n<meta name=\"twitter:card\" content=\"summary_large_image\" \/>\n<meta name=\"twitter:label1\" content=\"Dur\u00e9e de lecture estim\u00e9e\" \/>\n\t<meta name=\"twitter:data1\" content=\"1 minute\" \/>\n<script type=\"application\/ld+json\" class=\"yoast-schema-graph\">{\"@context\":\"https:\/\/schema.org\",\"@graph\":[{\"@type\":\"WebPage\",\"@id\":\"http:\/\/willyobringer.fr\/ClientDemos\/CellenzaTraining-prp\/erreur-404\/\",\"url\":\"http:\/\/willyobringer.fr\/ClientDemos\/CellenzaTraining-prp\/erreur-404\/\",\"name\":\"Vous semblez perdu ! - Cellenza Training\",\"isPartOf\":{\"@id\":\"http:\/\/willyobringer.fr\/ClientDemos\/CellenzaTraining-prp\/#website\"},\"datePublished\":\"2021-07-21T11:26:43+00:00\",\"dateModified\":\"2021-08-23T15:02:04+00:00\",\"breadcrumb\":{\"@id\":\"http:\/\/willyobringer.fr\/ClientDemos\/CellenzaTraining-prp\/erreur-404\/#breadcrumb\"},\"inLanguage\":\"fr-FR\",\"potentialAction\":[{\"@type\":\"ReadAction\",\"target\":[\"http:\/\/willyobringer.fr\/ClientDemos\/CellenzaTraining-prp\/erreur-404\/\"]}]},{\"@type\":\"BreadcrumbList\",\"@id\":\"http:\/\/willyobringer.fr\/ClientDemos\/CellenzaTraining-prp\/erreur-404\/#breadcrumb\",\"itemListElement\":[{\"@type\":\"ListItem\",\"position\":1,\"name\":\"Accueil\",\"item\":\"http:\/\/willyobringer.fr\/ClientDemos\/CellenzaTraining-prp\/\"},{\"@type\":\"ListItem\",\"position\":2,\"name\":\"Vous semblez perdu !\"}]},{\"@type\":\"WebSite\",\"@id\":\"http:\/\/willyobringer.fr\/ClientDemos\/CellenzaTraining-prp\/#website\",\"url\":\"http:\/\/willyobringer.fr\/ClientDemos\/CellenzaTraining-prp\/\",\"name\":\"Cellenza Training\",\"description\":\"Does IT Better\",\"publisher\":{\"@id\":\"http:\/\/willyobringer.fr\/ClientDemos\/CellenzaTraining-prp\/#organization\"},\"potentialAction\":[{\"@type\":\"SearchAction\",\"target\":{\"@type\":\"EntryPoint\",\"urlTemplate\":\"http:\/\/willyobringer.fr\/ClientDemos\/CellenzaTraining-prp\/?s={search_term_string}\"},\"query-input\":\"required name=search_term_string\"}],\"inLanguage\":\"fr-FR\"},{\"@type\":\"Organization\",\"@id\":\"http:\/\/willyobringer.fr\/ClientDemos\/CellenzaTraining-prp\/#organization\",\"name\":\"Cellenza\",\"url\":\"http:\/\/willyobringer.fr\/ClientDemos\/CellenzaTraining-prp\/\",\"logo\":{\"@type\":\"ImageObject\",\"inLanguage\":\"fr-FR\",\"@id\":\"http:\/\/willyobringer.fr\/ClientDemos\/CellenzaTraining-prp\/#\/schema\/logo\/image\/\",\"url\":\"http:\/\/willyobringer.fr\/ClientDemos\/CellenzaTraining-prp\/wp-content\/uploads\/2021\/07\/clz-logo.svg\",\"contentUrl\":\"http:\/\/willyobringer.fr\/ClientDemos\/CellenzaTraining-prp\/wp-content\/uploads\/2021\/07\/clz-logo.svg\",\"width\":1,\"height\":1,\"caption\":\"Cellenza\"},\"image\":{\"@id\":\"http:\/\/willyobringer.fr\/ClientDemos\/CellenzaTraining-prp\/#\/schema\/logo\/image\/\"}}]}<\/script>\n<!-- \/ Yoast SEO plugin. -->","yoast_head_json":{"title":"Vous semblez perdu ! - Cellenza Training","robots":{"index":"noindex","follow":"follow"},"og_locale":"fr_FR","og_type":"article","og_title":"Vous semblez perdu ! - Cellenza Training","og_description":"La page que vous recherchez n&rsquo;est plus disponible. Nous vous invitons \u00e0 retourner sur la page d&rsquo;accueil ou contacter l&rsquo;\u00e9quipe de Cellenza Training en cas de questions sp\u00e9cifiques. > Nous conna\u00eetre > Toutes nos formations > Les financements de nos formations","og_url":"http:\/\/willyobringer.fr\/ClientDemos\/CellenzaTraining-prp\/erreur-404\/","og_site_name":"Cellenza Training","article_modified_time":"2021-08-23T15:02:04+00:00","og_image":[{"url":"http:\/\/willyobringer.fr\/ClientDemos\/CellenzaTraining-prp\/wp-content\/uploads\/2021\/07\/404.svg"}],"twitter_card":"summary_large_image","twitter_misc":{"Dur\u00e9e de lecture estim\u00e9e":"1 minute"},"schema":{"@context":"https:\/\/schema.org","@graph":[{"@type":"WebPage","@id":"http:\/\/willyobringer.fr\/ClientDemos\/CellenzaTraining-prp\/erreur-404\/","url":"http:\/\/willyobringer.fr\/ClientDemos\/CellenzaTraining-prp\/erreur-404\/","name":"Vous semblez perdu ! - Cellenza Training","isPartOf":{"@id":"http:\/\/willyobringer.fr\/ClientDemos\/CellenzaTraining-prp\/#website"},"datePublished":"2021-07-21T11:26:43+00:00","dateModified":"2021-08-23T15:02:04+00:00","breadcrumb":{"@id":"http:\/\/willyobringer.fr\/ClientDemos\/CellenzaTraining-prp\/erreur-404\/#breadcrumb"},"inLanguage":"fr-FR","potentialAction":[{"@type":"ReadAction","target":["http:\/\/willyobringer.fr\/ClientDemos\/CellenzaTraining-prp\/erreur-404\/"]}]},{"@type":"BreadcrumbList","@id":"http:\/\/willyobringer.fr\/ClientDemos\/CellenzaTraining-prp\/erreur-404\/#breadcrumb","itemListElement":[{"@type":"ListItem","position":1,"name":"Accueil","item":"http:\/\/willyobringer.fr\/ClientDemos\/CellenzaTraining-prp\/"},{"@type":"ListItem","position":2,"name":"Vous semblez perdu !"}]},{"@type":"WebSite","@id":"http:\/\/willyobringer.fr\/ClientDemos\/CellenzaTraining-prp\/#website","url":"http:\/\/willyobringer.fr\/ClientDemos\/CellenzaTraining-prp\/","name":"Cellenza Training","description":"Does IT Better","publisher":{"@id":"http:\/\/willyobringer.fr\/ClientDemos\/CellenzaTraining-prp\/#organization"},"potentialAction":[{"@type":"SearchAction","target":{"@type":"EntryPoint","urlTemplate":"http:\/\/willyobringer.fr\/ClientDemos\/CellenzaTraining-prp\/?s={search_term_string}"},"query-input":"required name=search_term_string"}],"inLanguage":"fr-FR"},{"@type":"Organization","@id":"http:\/\/willyobringer.fr\/ClientDemos\/CellenzaTraining-prp\/#organization","name":"Cellenza","url":"http:\/\/willyobringer.fr\/ClientDemos\/CellenzaTraining-prp\/","logo":{"@type":"ImageObject","inLanguage":"fr-FR","@id":"http:\/\/willyobringer.fr\/ClientDemos\/CellenzaTraining-prp\/#\/schema\/logo\/image\/","url":"http:\/\/willyobringer.fr\/ClientDemos\/CellenzaTraining-prp\/wp-content\/uploads\/2021\/07\/clz-logo.svg","contentUrl":"http:\/\/willyobringer.fr\/ClientDemos\/CellenzaTraining-prp\/wp-content\/uploads\/2021\/07\/clz-logo.svg","width":1,"height":1,"caption":"Cellenza"},"image":{"@id":"http:\/\/willyobringer.fr\/ClientDemos\/CellenzaTraining-prp\/#\/schema\/logo\/image\/"}}]}},"_links":{"self":[{"href":"http:\/\/willyobringer.fr\/ClientDemos\/CellenzaTraining-prp\/wp-json\/wp\/v2\/pages\/129"}],"collection":[{"href":"http:\/\/willyobringer.fr\/ClientDemos\/CellenzaTraining-prp\/wp-json\/wp\/v2\/pages"}],"about":[{"href":"http:\/\/willyobringer.fr\/ClientDemos\/CellenzaTraining-prp\/wp-json\/wp\/v2\/types\/page"}],"author":[{"embeddable":true,"href":"http:\/\/willyobringer.fr\/ClientDemos\/CellenzaTraining-prp\/wp-json\/wp\/v2\/users\/201037247"}],"replies":[{"embeddable":true,"href":"http:\/\/willyobringer.fr\/ClientDemos\/CellenzaTraining-prp\/wp-json\/wp\/v2\/comments?post=129"}],"version-history":[{"count":16,"href":"http:\/\/willyobringer.fr\/ClientDemos\/CellenzaTraining-prp\/wp-json\/wp\/v2\/pages\/129\/revisions"}],"predecessor-version":[{"id":1744,"href":"http:\/\/willyobringer.fr\/ClientDemos\/CellenzaTraining-prp\/wp-json\/wp\/v2\/pages\/129\/revisions\/1744"}],"wp:attachment":[{"href":"http:\/\/willyobringer.fr\/ClientDemos\/CellenzaTraining-prp\/wp-json\/wp\/v2\/media?parent=129"}],"curies":[{"name":"wp","href":"https:\/\/api.w.org\/{rel}","templated":true}]}}